{"id":284,"date":"2022-11-16T02:15:35","date_gmt":"2022-11-16T02:15:35","guid":{"rendered":"https:\/\/whitepuebla.com\/?page_id=284"},"modified":"2023-02-03T04:18:04","modified_gmt":"2023-02-03T04:18:04","slug":"nosotros","status":"publish","type":"page","link":"https:\/\/whitepuebla.com\/index.php\/nosotros\/","title":{"rendered":"Nosotros"},"content":{"rendered":"\t\t<div data-elementor-type=\"wp-page\" data-elementor-id=\"284\" class=\"elementor elementor-284\">\n\t\t\t\t\t\t<div class=\"elementor-inner\">\n\t\t\t\t<div class=\"elementor-section-wrap\">\n\t\t\t\t\t\t\t\t\t<section class=\"elementor-section elementor-top-section elementor-element elementor-element-4c867f09 elementor-section-content-middle elementor-section-boxed elementor-section-height-default elementor-section-height-default\" data-id=\"4c867f09\" data-element_type=\"section\">\n\t\t\t\t\t\t<div class=\"elementor-container elementor-column-gap-no\">\n\t\t\t\t\t\t\t<div class=\"elementor-row\">\n\t\t\t\t\t<div class=\"aux-parallax-section elementor-column elementor-col-50 elementor-top-column elementor-element elementor-element-a156af\" data-id=\"a156af\" data-element_type=\"column\">\n\t\t\t<div class=\"elementor-column-wrap elementor-element-populated\">\n\t\t\t\t\t\t\t<div class=\"elementor-widget-wrap\">\n\t\t\t\t\t\t<div class=\"elementor-element elementor-element-316dd6ff aux-appear-watch-animation aux-slide-from-bot elementor-widget elementor-widget-aux_modern_heading\" data-id=\"316dd6ff\" data-element_type=\"widget\" data-widget_type=\"aux_modern_heading.default\">\n\t\t\t\t<div class=\"elementor-widget-container\">\n\t\t\t<section class=\"aux-widget-modern-heading\">\n            <div class=\"aux-widget-inner\"><h5 class=\"aux-modern-heading-primary\">#WHITEFAMILY\n<\/h5><h3 class=\"aux-modern-heading-secondary\"><span class=\"aux-head-highlight\">SE PARTE DE ESTA GRAN FAMILIA<\/span><\/h3><div class=\"aux-modern-heading-description\"><p>Fundado en la ciudad de Puebla en el a\u00f1o 2014, en White Entertainment comenzamos realizando Tours al EDC y otros eventos muy importantes de m\u00fasica electr\u00f3nica.<br \/><br \/><br \/>Posterior a esta primera etapa comenzamos a diversificar los tours a todo tipo de eventos de diferentes g\u00e9neros musicales, as\u00ed como de producci\u00f3n de eventos muy conocidos en Puebla como la Pink Pool Bash.<br \/><br \/><br \/>Actualmente tenemos Tours desde Puebla a los principales festivales a nivel nacional, como EDC, Dreamfields, Ultra M\u00e9xico, Beyond Wonderland, Corona Capital, Flow Fest, Vaiv\u00e9n, Tecate Pa\u00b4l Norte, Vive Latino y Hell &amp; Heaven entre muchos otros, as\u00ed como a los conciertos de las celebridades de tendencia a nivel mundial.<\/p><\/div><\/div>\n        <\/section>\t\t<\/div>\n\t\t\t\t<\/div>\n\t\t\t\t\t\t<\/div>\n\t\t\t\t\t<\/div>\n\t\t<\/div>\n\t\t\t\t<div class=\"aux-parallax-section elementor-column elementor-col-50 elementor-top-column elementor-element elementor-element-22f090bc\" data-id=\"22f090bc\" data-element_type=\"column\">\n\t\t\t<div class=\"elementor-column-wrap elementor-element-populated\">\n\t\t\t\t\t\t\t<div class=\"elementor-widget-wrap\">\n\t\t\t\t\t\t<div class=\"elementor-element elementor-element-67120d0b aux-appear-watch-animation aux-mask-from-left elementor-widget elementor-widget-aux_image\" data-id=\"67120d0b\" data-element_type=\"widget\" data-widget_type=\"aux_image.default\">\n\t\t\t\t<div class=\"elementor-widget-container\">\n\t\t\t<section class=\"widget-container aux-widget-image aux-alignnone aux-parent-au893cff83\">\n    <div class=\"aux-media-hint-frame \">\n        <div class=\"aux-media-image \" >\n        \n            \n\n            \n            <img loading=\"lazy\" decoding=\"async\" width=\"2048\" height=\"1366\" src=\"https:\/\/whitepuebla.com\/wp-content\/uploads\/2022\/11\/266366500_4915551931808634_4592360440213343136_n.jpg\" class=\"aux-attachment aux-featured-image aux-attachment-id-314\" alt=\"266366500_4915551931808634_4592360440213343136_n\" data-ratio=\"1.5\" data-original-w=\"2048\" \/>            \n                <\/div>\n    <\/div>\n\n<\/section><!-- widget-container -->\t\t<\/div>\n\t\t\t\t<\/div>\n\t\t\t\t\t\t<\/div>\n\t\t\t\t\t<\/div>\n\t\t<\/div>\n\t\t\t\t\t\t\t\t<\/div>\n\t\t\t\t\t<\/div>\n\t\t<\/section>\n\t\t<div class=\"elementor-element elementor-element-54c0e98 e-container--column e-container\" data-id=\"54c0e98\" data-element_type=\"container\">\t\t\t\t<div class=\"elementor-element elementor-element-48d2e1a elementor-widget-divider--view-line elementor-widget elementor-widget-divider\" data-id=\"48d2e1a\" data-element_type=\"widget\" data-widget_type=\"divider.default\">\n\t\t\t\t<div class=\"elementor-widget-container\">\n\t\t\t<style>\/*! elementor - v3.7.8 - 02-10-2022 *\/\n.elementor-widget-divider{--divider-border-style:none;--divider-border-width:1px;--divider-color:#2c2c2c;--divider-icon-size:20px;--divider-element-spacing:10px;--divider-pattern-height:24px;--divider-pattern-size:20px;--divider-pattern-url:none;--divider-pattern-repeat:repeat-x}.elementor-widget-divider .elementor-divider{display:-webkit-box;display:-ms-flexbox;display:flex}.elementor-widget-divider .elementor-divider__text{font-size:15px;line-height:1;max-width:95%}.elementor-widget-divider .elementor-divider__element{margin:0 var(--divider-element-spacing);-ms-flex-negative:0;flex-shrink:0}.elementor-widget-divider .elementor-icon{font-size:var(--divider-icon-size)}.elementor-widget-divider .elementor-divider-separator{display:-webkit-box;display:-ms-flexbox;display:flex;margin:0;direction:ltr}.elementor-widget-divider--view-line_icon .elementor-divider-separator,.elementor-widget-divider--view-line_text .elementor-divider-separator{-webkit-box-align:center;-ms-flex-align:center;align-items:center}.elementor-widget-divider--view-line_icon .elementor-divider-separator:after,.elementor-widget-divider--view-line_icon .elementor-divider-separator:before,.elementor-widget-divider--view-line_text .elementor-divider-separator:after,.elementor-widget-divider--view-line_text .elementor-divider-separator:before{display:block;content:\"\";border-bottom:0;-webkit-box-flex:1;-ms-flex-positive:1;flex-grow:1;border-top:var(--divider-border-width) var(--divider-border-style) var(--divider-color)}.elementor-widget-divider--element-align-left .elementor-divider .elementor-divider-separator>.elementor-divider__svg:first-of-type{-webkit-box-flex:0;-ms-flex-positive:0;flex-grow:0;-ms-flex-negative:100;flex-shrink:100}.elementor-widget-divider--element-align-left .elementor-divider-separator:before{content:none}.elementor-widget-divider--element-align-left .elementor-divider__element{margin-left:0}.elementor-widget-divider--element-align-right .elementor-divider .elementor-divider-separator>.elementor-divider__svg:last-of-type{-webkit-box-flex:0;-ms-flex-positive:0;flex-grow:0;-ms-flex-negative:100;flex-shrink:100}.elementor-widget-divider--element-align-right .elementor-divider-separator:after{content:none}.elementor-widget-divider--element-align-right .elementor-divider__element{margin-right:0}.elementor-widget-divider:not(.elementor-widget-divider--view-line_text):not(.elementor-widget-divider--view-line_icon) .elementor-divider-separator{border-top:var(--divider-border-width) var(--divider-border-style) var(--divider-color)}.elementor-widget-divider--separator-type-pattern{--divider-border-style:none}.elementor-widget-divider--separator-type-pattern.elementor-widget-divider--view-line .elementor-divider-separator,.elementor-widget-divider--separator-type-pattern:not(.elementor-widget-divider--view-line) .elementor-divider-separator:after,.elementor-widget-divider--separator-type-pattern:not(.elementor-widget-divider--view-line) .elementor-divider-separator:before,.elementor-widget-divider--separator-type-pattern:not([class*=elementor-widget-divider--view]) .elementor-divider-separator{width:100%;min-height:var(--divider-pattern-height);-webkit-mask-size:var(--divider-pattern-size) 100%;mask-size:var(--divider-pattern-size) 100%;-webkit-mask-repeat:var(--divider-pattern-repeat);mask-repeat:var(--divider-pattern-repeat);background-color:var(--divider-color);-webkit-mask-image:var(--divider-pattern-url);mask-image:var(--divider-pattern-url)}.elementor-widget-divider--no-spacing{--divider-pattern-size:auto}.elementor-widget-divider--bg-round{--divider-pattern-repeat:round}.rtl .elementor-widget-divider .elementor-divider__text{direction:rtl}.e-container>.elementor-widget-divider{width:var(--container-widget-width,100%);--flex-grow:var(--container-widget-flex-grow,0)}<\/style>\t\t<div class=\"elementor-divider\">\n\t\t\t<span class=\"elementor-divider-separator\">\n\t\t\t\t\t\t<\/span>\n\t\t<\/div>\n\t\t\t\t<\/div>\n\t\t\t\t<\/div>\n\t\t\t\t<div class=\"elementor-element elementor-element-5abde34 elementor-widget elementor-widget-aux-gallery\" data-id=\"5abde34\" data-element_type=\"widget\" data-widget_type=\"aux-gallery.default\">\n\t\t\t\t<div class=\"elementor-widget-container\">\n\t\t\t<section class=\"widget-container aux-widget-gallery aux-parent-aub323252c\"><div id='aux-gallery-1' class='aux-gallery galleryid-284 gallery-columns-4 aux-lightbox-gallery'><div class=\"aux-gallery-container aux-isotope-animated aux-row aux-de-col4 aux-tb-col2 aux-mb-col1 elementor-clickable aux-no-gutter aux-layout-masonry\"  data-pagination=\"false\" data-lazyload=\"false\" data-perpage=\"24\" data-layout=\"masonry\" data-space=\"10\" >    <figure class=\"gallery-item aux-hover-active aux-iso-item aux-col \">\n            <div class=\"aux-frame-mask-plain aux-frame-ratio \">\n                <a href=\"https:\/\/whitepuebla.com\/wp-content\/uploads\/2022\/11\/313423537_498922425608847_7974020218944703992_n-1.jpg\" class=\"aux-frame-ratio-inner aux-frame-darken aux-lightbox-btn \" data-elementor-open-lightbox=\"no\" data-original-width=\"2048\" data-original-height=\"1152\" data-caption=\"\">\n                                <div class=\"aux-hover-scale-circle-plus2\">\n                        <span class=\"aux-symbol-plus\"><\/span>\n                        <span class=\"aux-symbol-circle\"><\/span>\n                    <\/div>\n                        <img loading=\"lazy\" decoding=\"async\" width=\"300\" height=\"300\" src=\"https:\/\/whitepuebla.com\/wp-content\/uploads\/2022\/11\/313423537_498922425608847_7974020218944703992_n-1.jpg\" class=\"aux-attachment aux-featured-image attachment-300x300 aux-attachment-id-322 \" srcset=\"https:\/\/whitepuebla.com\/wp-content\/uploads\/2022\/11\/313423537_498922425608847_7974020218944703992_n-1-150x150.jpg 150w,https:\/\/whitepuebla.com\/wp-content\/uploads\/2022\/11\/313423537_498922425608847_7974020218944703992_n-1-300x300.jpg 300w,https:\/\/whitepuebla.com\/wp-content\/uploads\/2022\/11\/313423537_498922425608847_7974020218944703992_n-1-768x768.jpg 768w,https:\/\/whitepuebla.com\/wp-content\/uploads\/2022\/11\/313423537_498922425608847_7974020218944703992_n-1-1024x1024.jpg 1024w,https:\/\/whitepuebla.com\/wp-content\/uploads\/2022\/11\/313423537_498922425608847_7974020218944703992_n-1.jpg 300w,https:\/\/whitepuebla.com\/wp-content\/uploads\/2022\/11\/313423537_498922425608847_7974020218944703992_n-1-2038x2038.jpg 2038w\" data-ratio=\"1\" data-original-w=\"2048\" sizes=\"auto, (max-width:767px) 100vw,(min-width:768px) and (max-width:1025px) 50vw,380px\" \/>                <\/a>\n            <\/div>\n                <\/figure>\n    <figure class=\"gallery-item aux-hover-active aux-iso-item aux-col \">\n            <div class=\"aux-frame-mask-plain aux-frame-ratio \">\n                <a href=\"https:\/\/whitepuebla.com\/wp-content\/uploads\/2022\/11\/313417667_498923295608760_6979766481313735149_n.jpg\" class=\"aux-frame-ratio-inner aux-frame-darken aux-lightbox-btn \" data-elementor-open-lightbox=\"no\" data-original-width=\"2048\" data-original-height=\"1365\" data-caption=\"\">\n                                <div class=\"aux-hover-scale-circle-plus2\">\n                        <span class=\"aux-symbol-plus\"><\/span>\n                        <span class=\"aux-symbol-circle\"><\/span>\n                    <\/div>\n                        <img loading=\"lazy\" decoding=\"async\" width=\"300\" height=\"300\" src=\"https:\/\/whitepuebla.com\/wp-content\/uploads\/2022\/11\/313417667_498923295608760_6979766481313735149_n.jpg\" class=\"aux-attachment aux-featured-image attachment-300x300 aux-attachment-id-321 \" srcset=\"https:\/\/whitepuebla.com\/wp-content\/uploads\/2022\/11\/313417667_498923295608760_6979766481313735149_n-150x150.jpg 150w,https:\/\/whitepuebla.com\/wp-content\/uploads\/2022\/11\/313417667_498923295608760_6979766481313735149_n-300x300.jpg 300w,https:\/\/whitepuebla.com\/wp-content\/uploads\/2022\/11\/313417667_498923295608760_6979766481313735149_n-768x768.jpg 768w,https:\/\/whitepuebla.com\/wp-content\/uploads\/2022\/11\/313417667_498923295608760_6979766481313735149_n-1024x1024.jpg 1024w,https:\/\/whitepuebla.com\/wp-content\/uploads\/2022\/11\/313417667_498923295608760_6979766481313735149_n.jpg 300w,https:\/\/whitepuebla.com\/wp-content\/uploads\/2022\/11\/313417667_498923295608760_6979766481313735149_n-2038x2038.jpg 2038w\" data-ratio=\"1\" data-original-w=\"2048\" sizes=\"auto, (max-width:767px) 100vw,(min-width:768px) and (max-width:1025px) 50vw,380px\" \/>                <\/a>\n            <\/div>\n                <\/figure>\n    <figure class=\"gallery-item aux-hover-active aux-iso-item aux-col \">\n            <div class=\"aux-frame-mask-plain aux-frame-ratio \">\n                <a href=\"https:\/\/whitepuebla.com\/wp-content\/uploads\/2022\/11\/305636259_454060503428373_2722172113705127677_n.jpg\" class=\"aux-frame-ratio-inner aux-frame-darken aux-lightbox-btn \" data-elementor-open-lightbox=\"no\" data-original-width=\"2048\" data-original-height=\"1152\" data-caption=\"\">\n                                <div class=\"aux-hover-scale-circle-plus2\">\n                        <span class=\"aux-symbol-plus\"><\/span>\n                        <span class=\"aux-symbol-circle\"><\/span>\n                    <\/div>\n                        <img loading=\"lazy\" decoding=\"async\" width=\"300\" height=\"300\" src=\"https:\/\/whitepuebla.com\/wp-content\/uploads\/2022\/11\/305636259_454060503428373_2722172113705127677_n.jpg\" class=\"aux-attachment aux-featured-image attachment-300x300 aux-attachment-id-320 \" srcset=\"https:\/\/whitepuebla.com\/wp-content\/uploads\/2022\/11\/305636259_454060503428373_2722172113705127677_n-150x150.jpg 150w,https:\/\/whitepuebla.com\/wp-content\/uploads\/2022\/11\/305636259_454060503428373_2722172113705127677_n-300x300.jpg 300w,https:\/\/whitepuebla.com\/wp-content\/uploads\/2022\/11\/305636259_454060503428373_2722172113705127677_n-768x768.jpg 768w,https:\/\/whitepuebla.com\/wp-content\/uploads\/2022\/11\/305636259_454060503428373_2722172113705127677_n-1024x1024.jpg 1024w,https:\/\/whitepuebla.com\/wp-content\/uploads\/2022\/11\/305636259_454060503428373_2722172113705127677_n.jpg 300w,https:\/\/whitepuebla.com\/wp-content\/uploads\/2022\/11\/305636259_454060503428373_2722172113705127677_n-2038x2038.jpg 2038w\" data-ratio=\"1\" data-original-w=\"2048\" sizes=\"auto, (max-width:767px) 100vw,(min-width:768px) and (max-width:1025px) 50vw,380px\" \/>                <\/a>\n            <\/div>\n                <\/figure>\n    <figure class=\"gallery-item aux-hover-active aux-iso-item aux-col \">\n            <div class=\"aux-frame-mask-plain aux-frame-ratio \">\n                <a href=\"https:\/\/whitepuebla.com\/wp-content\/uploads\/2022\/11\/266366500_4915551931808634_4592360440213343136_n-1.jpg\" class=\"aux-frame-ratio-inner aux-frame-darken aux-lightbox-btn \" data-elementor-open-lightbox=\"no\" data-original-width=\"2048\" data-original-height=\"1366\" data-caption=\"\">\n                                <div class=\"aux-hover-scale-circle-plus2\">\n                        <span class=\"aux-symbol-plus\"><\/span>\n                        <span class=\"aux-symbol-circle\"><\/span>\n                    <\/div>\n                        <img loading=\"lazy\" decoding=\"async\" width=\"300\" height=\"300\" src=\"https:\/\/whitepuebla.com\/wp-content\/uploads\/2022\/11\/266366500_4915551931808634_4592360440213343136_n-1.jpg\" class=\"aux-attachment aux-featured-image attachment-300x300 aux-attachment-id-319 \" srcset=\"https:\/\/whitepuebla.com\/wp-content\/uploads\/2022\/11\/266366500_4915551931808634_4592360440213343136_n-1-150x150.jpg 150w,https:\/\/whitepuebla.com\/wp-content\/uploads\/2022\/11\/266366500_4915551931808634_4592360440213343136_n-1-300x300.jpg 300w,https:\/\/whitepuebla.com\/wp-content\/uploads\/2022\/11\/266366500_4915551931808634_4592360440213343136_n-1-768x768.jpg 768w,https:\/\/whitepuebla.com\/wp-content\/uploads\/2022\/11\/266366500_4915551931808634_4592360440213343136_n-1-1024x1024.jpg 1024w,https:\/\/whitepuebla.com\/wp-content\/uploads\/2022\/11\/266366500_4915551931808634_4592360440213343136_n-1.jpg 300w,https:\/\/whitepuebla.com\/wp-content\/uploads\/2022\/11\/266366500_4915551931808634_4592360440213343136_n-1-2038x2038.jpg 2038w\" data-ratio=\"1\" data-original-w=\"2048\" sizes=\"auto, (max-width:767px) 100vw,(min-width:768px) and (max-width:1025px) 50vw,380px\" \/>                <\/a>\n            <\/div>\n                <\/figure>\n<\/div><\/div><\/section><!-- widget-container --><style>.aux-parent-aub323252c .aux-frame-ratio { padding-bottom:75% }<\/style>\t\t<\/div>\n\t\t\t\t<\/div>\n\t\t<\/div>\t\t\t\t\t\t\t<\/div>\n\t\t\t<\/div>\n\t\t\t\t\t<\/div>\n\t\t","protected":false},"excerpt":{"rendered":"<p>#WHITEFAMILY SE PARTE DE ESTA GRAN FAMILIA Fundado en la ciudad de Puebla en el a\u00f1o 2014, en White Entertainment comenzamos realizando Tours al EDC y otros eventos muy importantes de m\u00fasica electr\u00f3nica. Posterior a esta primera etapa comenzamos a diversificar los tours a todo tipo de eventos de diferentes g\u00e9neros musicales, as\u00ed como de [&hellip;]<\/p>\n","protected":false},"author":2,"featured_media":0,"parent":0,"menu_order":0,"comment_status":"closed","ping_status":"closed","template":"","meta":{"footnotes":""},"class_list":["post-284","page","type-page","status-publish","hentry"],"_links":{"self":[{"href":"https:\/\/whitepuebla.com\/index.php\/wp-json\/wp\/v2\/pages\/284","targetHints":{"allow":["GET"]}}],"collection":[{"href":"https:\/\/whitepuebla.com\/index.php\/wp-json\/wp\/v2\/pages"}],"about":[{"href":"https:\/\/whitepuebla.com\/index.php\/wp-json\/wp\/v2\/types\/page"}],"author":[{"embeddable":true,"href":"https:\/\/whitepuebla.com\/index.php\/wp-json\/wp\/v2\/users\/2"}],"replies":[{"embeddable":true,"href":"https:\/\/whitepuebla.com\/index.php\/wp-json\/wp\/v2\/comments?post=284"}],"version-history":[{"count":34,"href":"https:\/\/whitepuebla.com\/index.php\/wp-json\/wp\/v2\/pages\/284\/revisions"}],"predecessor-version":[{"id":360,"href":"https:\/\/whitepuebla.com\/index.php\/wp-json\/wp\/v2\/pages\/284\/revisions\/360"}],"wp:attachment":[{"href":"https:\/\/whitepuebla.com\/index.php\/wp-json\/wp\/v2\/media?parent=284"}],"curies":[{"name":"wp","href":"https:\/\/api.w.org\/{rel}","templated":true}]}}